{"id":9,"date":"2018-10-11T09:43:13","date_gmt":"2018-10-11T09:43:13","guid":{"rendered":"http:\/\/gastrobarkrouvi.fi\/?page_id=9"},"modified":"2022-10-11T08:42:37","modified_gmt":"2022-10-11T08:42:37","slug":"about","status":"publish","type":"page","link":"https:\/\/gastrobarkrouvi.fi\/index.php\/about\/","title":{"rendered":"Tarina"},"content":{"rendered":"<p>Gastrobar Wanha Krouvi toimii perinteikk\u00e4\u00e4ll\u00e4 sijainnilla Rauman keskustassa. Samalla paikalla on ollut ravintolatoimintaa jo vuodesta 1955 alkaen.<\/p>\n<p>Gastrobar tarjoaa juomien lis\u00e4ksi my\u00f6s herkullista ruokaa. Listalta l\u00f6ytyy maittavia annoksia moneen makuun. Krouvi tarjoaa mahdollisuuden my\u00f6s illalliseen pitk\u00e4n kaavan kautta. Tunnelmallinen yl\u00e4kertamme on loistava paikka viett\u00e4\u00e4 iltaa ja maistaa vaikka erikoisuuksiamme, kuten suosittu ahvenannoksemme, Gastrobarin pataa, artesaani hot dogeja jne.<\/p>\n<p>Krouvi tarjoaa kaupungin laajimman juomavalikoiman. Olemme ylpeit\u00e4 erityisesti olut-, viini- ja viski valikoimastamme. Krouvin alakerrassa on erikseen viskin yst\u00e4ville Club Albatross. Clubin voit varata my\u00f6s yksityistilaisuuksiin.<\/p>\n","protected":false},"excerpt":{"rendered":"<p>Gastrobar Wanha Krouvi toimii perinteikk\u00e4\u00e4ll\u00e4 sijainnilla Rauman keskustassa. Samalla paikalla on ollut ravintolatoimintaa jo vuodesta 1955 alkaen. Gastrobar tarjoaa juomien lis\u00e4ksi my\u00f6s herkullista ruokaa. Listalta l\u00f6ytyy maittavia annoksia moneen makuun. Krouvi tarjoaa mahdollisuuden my\u00f6s illalliseen pitk\u00e4n kaavan kautta. Tunnelmallinen yl\u00e4kertamme on loistava paikka viett\u00e4\u00e4 iltaa ja maistaa vaikka erikoisuuksiamme, kuten suosittu ahvenannoksemme, Gastrobarin pataa, artesaani &hellip; <\/p>\n<p class=\"link-more\"><a href=\"https:\/\/gastrobarkrouvi.fi\/index.php\/about\/\" class=\"more-link\">Continue reading<span class=\"screen-reader-text\"> &#8220;Tarina&#8221;<\/span><\/a><\/p>\n","protected":false},"author":1,"featured_media":35,"parent":0,"menu_order":0,"comment_status":"closed","ping_status":"closed","template":"","meta":{"ngg_post_thumbnail":0,"footnotes":""},"class_list":["post-9","page","type-page","status-publish","has-post-thumbnail","hentry"],"_links":{"self":[{"href":"https:\/\/gastrobarkrouvi.fi\/index.php\/wp-json\/wp\/v2\/pages\/9","targetHints":{"allow":["GET"]}}],"collection":[{"href":"https:\/\/gastrobarkrouvi.fi\/index.php\/wp-json\/wp\/v2\/pages"}],"about":[{"href":"https:\/\/gastrobarkrouvi.fi\/index.php\/wp-json\/wp\/v2\/types\/page"}],"author":[{"embeddable":true,"href":"https:\/\/gastrobarkrouvi.fi\/index.php\/wp-json\/wp\/v2\/users\/1"}],"replies":[{"embeddable":true,"href":"https:\/\/gastrobarkrouvi.fi\/index.php\/wp-json\/wp\/v2\/comments?post=9"}],"version-history":[{"count":9,"href":"https:\/\/gastrobarkrouvi.fi\/index.php\/wp-json\/wp\/v2\/pages\/9\/revisions"}],"predecessor-version":[{"id":867,"href":"https:\/\/gastrobarkrouvi.fi\/index.php\/wp-json\/wp\/v2\/pages\/9\/revisions\/867"}],"wp:featuredmedia":[{"embeddable":true,"href":"https:\/\/gastrobarkrouvi.fi\/index.php\/wp-json\/wp\/v2\/media\/35"}],"wp:attachment":[{"href":"https:\/\/gastrobarkrouvi.fi\/index.php\/wp-json\/wp\/v2\/media?parent=9"}],"curies":[{"name":"wp","href":"https:\/\/api.w.org\/{rel}","templated":true}]}}