{"id":8,"date":"2018-10-11T09:43:13","date_gmt":"2018-10-11T09:43:13","guid":{"rendered":"http:\/\/gastrobarkrouvi.fi\/?page_id=8"},"modified":"2026-01-02T13:10:12","modified_gmt":"2026-01-02T13:10:12","slug":"home","status":"publish","type":"page","link":"https:\/\/gastrobarkrouvi.fi\/","title":{"rendered":"Gastrobar"},"content":{"rendered":"<p><span class=\"LrzXr\">Gastrobar Krouvi<\/span><\/p>\n<p>Rento ja tyylik\u00e4s. Kaupungin laajin juomavalikoima ja upea olut \/ viskiklubi. Ruokaravintola joka tarjoaa monenlaisia herkkuja, aina naposteltavista illalliseen pitk\u00e4n kaavan kautta.<\/p>\n<p>Tehtaankatu, 26100 Rauma<br>krouvi (at) wcss.fi<br>P\u00f6yt\u00e4varaukset ja -tiedustelut: <a href=\"tel:+358456457370\">+358 45 6457370<\/a><\/p>\n<p>Ma klo 11.00 &#8211; 14.00 (keitti\u00f6 &#8211; 13.45) <br>Ti &#8211; To klo 11.00 &#8211; 21.00 (keitti\u00f6 &#8211; 20.30)<br>Pe &#8211; La klo 11.00 &#8211; 23.00 (keitti\u00f6 &#8211; 22.30)<br>Su suljettu<\/p>\n\n\n<p><\/p>\n","protected":false},"excerpt":{"rendered":"<p>Gastrobar Krouvi Rento ja tyylik\u00e4s. Kaupungin laajin juomavalikoima ja upea olut \/ viskiklubi. Ruokaravintola joka tarjoaa monenlaisia herkkuja, aina naposteltavista illalliseen pitk\u00e4n kaavan kautta. Tehtaankatu, 26100 Raumakrouvi (at) wcss.fiP\u00f6yt\u00e4varaukset ja -tiedustelut: +358 45 6457370 Ma klo 11.00 &#8211; 14.00 (keitti\u00f6 &#8211; 13.45) Ti &#8211; To klo 11.00 &#8211; 21.00 (keitti\u00f6 &#8211; 20.30)Pe &#8211; La klo &hellip; <\/p>\n<p class=\"link-more\"><a href=\"https:\/\/gastrobarkrouvi.fi\/\" class=\"more-link\">Continue reading<span class=\"screen-reader-text\"> &#8220;Gastrobar&#8221;<\/span><\/a><\/p>\n","protected":false},"author":1,"featured_media":0,"parent":0,"menu_order":0,"comment_status":"closed","ping_status":"closed","template":"","meta":{"ngg_post_thumbnail":0,"footnotes":""},"class_list":["post-8","page","type-page","status-publish","hentry"],"_links":{"self":[{"href":"https:\/\/gastrobarkrouvi.fi\/index.php\/wp-json\/wp\/v2\/pages\/8","targetHints":{"allow":["GET"]}}],"collection":[{"href":"https:\/\/gastrobarkrouvi.fi\/index.php\/wp-json\/wp\/v2\/pages"}],"about":[{"href":"https:\/\/gastrobarkrouvi.fi\/index.php\/wp-json\/wp\/v2\/types\/page"}],"author":[{"embeddable":true,"href":"https:\/\/gastrobarkrouvi.fi\/index.php\/wp-json\/wp\/v2\/users\/1"}],"replies":[{"embeddable":true,"href":"https:\/\/gastrobarkrouvi.fi\/index.php\/wp-json\/wp\/v2\/comments?post=8"}],"version-history":[{"count":55,"href":"https:\/\/gastrobarkrouvi.fi\/index.php\/wp-json\/wp\/v2\/pages\/8\/revisions"}],"predecessor-version":[{"id":2025,"href":"https:\/\/gastrobarkrouvi.fi\/index.php\/wp-json\/wp\/v2\/pages\/8\/revisions\/2025"}],"wp:attachment":[{"href":"https:\/\/gastrobarkrouvi.fi\/index.php\/wp-json\/wp\/v2\/media?parent=8"}],"curies":[{"name":"wp","href":"https:\/\/api.w.org\/{rel}","templated":true}]}}