{"id":386,"date":"2021-12-28T10:52:21","date_gmt":"2021-12-28T10:52:21","guid":{"rendered":"http:\/\/gastrobarkrouvi.fi\/?page_id=386"},"modified":"2026-04-12T07:13:53","modified_gmt":"2026-04-12T07:13:53","slug":"lounas","status":"publish","type":"page","link":"https:\/\/gastrobarkrouvi.fi\/index.php\/lounas\/","title":{"rendered":"Lounas"},"content":{"rendered":"\t\t<div data-elementor-type=\"wp-page\" data-elementor-id=\"386\" class=\"elementor elementor-386\">\n\t\t\t\t\t\t<section class=\"elementor-section elementor-top-section elementor-element elementor-element-4a08ff7 elementor-section-boxed elementor-section-height-default elementor-section-height-default\" data-id=\"4a08ff7\" data-element_type=\"section\" data-e-type=\"section\">\n\t\t\t\t\t\t<div class=\"elementor-container elementor-column-gap-default\">\n\t\t\t\t\t<div class=\"elementor-column elementor-col-100 elementor-top-column elementor-element elementor-element-4a4e2f8\" data-id=\"4a4e2f8\" data-element_type=\"column\" data-e-type=\"column\">\n\t\t\t<div class=\"elementor-widget-wrap elementor-element-populated\">\n\t\t\t\t\t\t<div class=\"elementor-element elementor-element-bf41031 elementor-widget elementor-widget-heading\" data-id=\"bf41031\" data-element_type=\"widget\" data-e-type=\"widget\" data-widget_type=\"heading.default\">\n\t\t\t\t<div class=\"elementor-widget-container\">\n\t\t\t\t\t<h2 class=\"elementor-heading-title elementor-size-default\">Lounaslista vko 16<\/h2>\t\t\t\t<\/div>\n\t\t\t\t<\/div>\n\t\t\t\t\t<\/div>\n\t\t<\/div>\n\t\t\t\t\t<\/div>\n\t\t<\/section>\n\t\t\t\t<section class=\"elementor-section elementor-top-section elementor-element elementor-element-ff70aed elementor-section-boxed elementor-section-height-default elementor-section-height-default\" data-id=\"ff70aed\" data-element_type=\"section\" data-e-type=\"section\">\n\t\t\t\t\t\t<div class=\"elementor-container elementor-column-gap-default\">\n\t\t\t\t\t<div class=\"elementor-column elementor-col-100 elementor-top-column elementor-element elementor-element-c48ebe1\" data-id=\"c48ebe1\" data-element_type=\"column\" data-e-type=\"column\">\n\t\t\t<div class=\"elementor-widget-wrap elementor-element-populated\">\n\t\t\t\t\t\t<div class=\"elementor-element elementor-element-de44982 elementor-widget elementor-widget-text-editor\" data-id=\"de44982\" data-element_type=\"widget\" data-e-type=\"widget\" data-widget_type=\"text-editor.default\">\n\t\t\t\t<div class=\"elementor-widget-container\">\n\t\t\t\t\t\t\t\t\t<p>Lounas tarjolla ma-la klo 11.00-14.00<br \/>Lounaan hintaan sis\u00e4ltyy salaattip\u00f6yt\u00e4 sek\u00e4 kahvi\/tee ja pieni makea<\/p>\t\t\t\t\t\t\t\t<\/div>\n\t\t\t\t<\/div>\n\t\t\t\t\t<\/div>\n\t\t<\/div>\n\t\t\t\t\t<\/div>\n\t\t<\/section>\n\t\t\t\t<section class=\"elementor-section elementor-top-section elementor-element elementor-element-5cb42aa elementor-section-boxed elementor-section-height-default elementor-section-height-default\" data-id=\"5cb42aa\" data-element_type=\"section\" data-e-type=\"section\">\n\t\t\t\t\t\t<div class=\"elementor-container elementor-column-gap-default\">\n\t\t\t\t\t<div class=\"elementor-column elementor-col-100 elementor-top-column elementor-element elementor-element-55303c6\" data-id=\"55303c6\" data-element_type=\"column\" data-e-type=\"column\">\n\t\t\t<div class=\"elementor-widget-wrap\">\n\t\t\t\t\t\t\t<\/div>\n\t\t<\/div>\n\t\t\t\t\t<\/div>\n\t\t<\/section>\n\t\t\t\t<section class=\"elementor-section elementor-top-section elementor-element elementor-element-c9c6267 elementor-section-boxed elementor-section-height-default elementor-section-height-default\" data-id=\"c9c6267\" data-element_type=\"section\" data-e-type=\"section\">\n\t\t\t\t\t\t<div class=\"elementor-container elementor-column-gap-default\">\n\t\t\t\t\t<div class=\"elementor-column elementor-col-100 elementor-top-column elementor-element elementor-element-585b632\" data-id=\"585b632\" data-element_type=\"column\" data-e-type=\"column\">\n\t\t\t<div class=\"elementor-widget-wrap elementor-element-populated\">\n\t\t\t\t\t\t<div class=\"elementor-element elementor-element-504c631 elementor-widget elementor-widget-text-editor\" data-id=\"504c631\" data-element_type=\"widget\" data-e-type=\"widget\" data-widget_type=\"text-editor.default\">\n\t\t\t\t<div class=\"elementor-widget-container\">\n\t\t\t\t\t\t\t\t\t<p>MA 13.04. &#8211; TI 14.04.<\/p><p>Pulled beef burger (L) 13,7 \u20ac<br \/>Nyht\u00f6h\u00e4rk\u00e4\u00e4, cheddarjuustokastiketta, paprikamajoneesia, coleslawta, tomaattia, marinoitua punasipulia ja tikkuperunoita<\/p><p>Paistettua lohta (L, G) 13,7 \u20ac<br \/>Sitruskastiketta, kasviksia ja keitinperunoita<\/p><p>Sveitsinleike (L, G) 13,7 \u20ac<br \/>Paneroitu porsaanleike t\u00e4ytettyn\u00e4 kinkulla ja juustolla, punaviinikastiketta, kasviksia ja lohkoperunoita<\/p>\t\t\t\t\t\t\t\t<\/div>\n\t\t\t\t<\/div>\n\t\t\t\t\t<\/div>\n\t\t<\/div>\n\t\t\t\t\t<\/div>\n\t\t<\/section>\n\t\t\t\t<section class=\"elementor-section elementor-top-section elementor-element elementor-element-70f72b9 elementor-section-boxed elementor-section-height-default elementor-section-height-default\" data-id=\"70f72b9\" data-element_type=\"section\" data-e-type=\"section\">\n\t\t\t\t\t\t<div class=\"elementor-container elementor-column-gap-default\">\n\t\t\t\t\t<div class=\"elementor-column elementor-col-100 elementor-top-column elementor-element elementor-element-bef6cdb\" data-id=\"bef6cdb\" data-element_type=\"column\" data-e-type=\"column\">\n\t\t\t<div class=\"elementor-widget-wrap\">\n\t\t\t\t\t\t\t<\/div>\n\t\t<\/div>\n\t\t\t\t\t<\/div>\n\t\t<\/section>\n\t\t\t\t<section class=\"elementor-section elementor-top-section elementor-element elementor-element-6e73363 elementor-section-boxed elementor-section-height-default elementor-section-height-default\" data-id=\"6e73363\" data-element_type=\"section\" data-e-type=\"section\">\n\t\t\t\t\t\t<div class=\"elementor-container elementor-column-gap-default\">\n\t\t\t\t\t<div class=\"elementor-column elementor-col-100 elementor-top-column elementor-element elementor-element-359ff67\" data-id=\"359ff67\" data-element_type=\"column\" data-e-type=\"column\">\n\t\t\t<div class=\"elementor-widget-wrap elementor-element-populated\">\n\t\t\t\t\t\t<div class=\"elementor-element elementor-element-9c1918c elementor-widget elementor-widget-text-editor\" data-id=\"9c1918c\" data-element_type=\"widget\" data-e-type=\"widget\" data-widget_type=\"text-editor.default\">\n\t\t\t\t<div class=\"elementor-widget-container\">\n\t\t\t\t\t\t\t\t\t<p>KE 15.04. &#8211; TO 16.04.<\/p><p>Crispy Chicken burger (L) 13,7 \u20ac<br \/>Paneroitua broilerin sis\u00e4fileet\u00e4, parmesaanimajoneesia, rucolaa, tuorekurkkua, raakaa punasipulia ja tikkuperunoita<\/p><p>Stroganoffia (L, G) 13,7 \u20ac<br \/>Kermaista lihapataa naudan sis\u00e4fileest\u00e4 ja maustekurkuista, perunamuusia<\/p><p>Naudan lehtipihvi (L, G) 13,7 \u20ac<br \/>Maustevoita, grillattua maissia ja tomaattia, lohkoperunoita<\/p>\t\t\t\t\t\t\t\t<\/div>\n\t\t\t\t<\/div>\n\t\t\t\t\t<\/div>\n\t\t<\/div>\n\t\t\t\t\t<\/div>\n\t\t<\/section>\n\t\t\t\t<section class=\"elementor-section elementor-top-section elementor-element elementor-element-79a7a23 elementor-section-boxed elementor-section-height-default elementor-section-height-default\" data-id=\"79a7a23\" data-element_type=\"section\" data-e-type=\"section\">\n\t\t\t\t\t\t<div class=\"elementor-container elementor-column-gap-default\">\n\t\t\t\t\t<div class=\"elementor-column elementor-col-100 elementor-top-column elementor-element elementor-element-728b602\" data-id=\"728b602\" data-element_type=\"column\" data-e-type=\"column\">\n\t\t\t<div class=\"elementor-widget-wrap\">\n\t\t\t\t\t\t\t<\/div>\n\t\t<\/div>\n\t\t\t\t\t<\/div>\n\t\t<\/section>\n\t\t\t\t<section class=\"elementor-section elementor-top-section elementor-element elementor-element-7f75738 elementor-section-boxed elementor-section-height-default elementor-section-height-default\" data-id=\"7f75738\" data-element_type=\"section\" data-e-type=\"section\">\n\t\t\t\t\t\t<div class=\"elementor-container elementor-column-gap-default\">\n\t\t\t\t\t<div class=\"elementor-column elementor-col-100 elementor-top-column elementor-element elementor-element-d1c46eb\" data-id=\"d1c46eb\" data-element_type=\"column\" data-e-type=\"column\">\n\t\t\t<div class=\"elementor-widget-wrap elementor-element-populated\">\n\t\t\t\t\t\t<div class=\"elementor-element elementor-element-0c7e15e elementor-widget elementor-widget-text-editor\" data-id=\"0c7e15e\" data-element_type=\"widget\" data-e-type=\"widget\" data-widget_type=\"text-editor.default\">\n\t\t\t\t<div class=\"elementor-widget-container\">\n\t\t\t\t\t\t\t\t\t<p>PE 17.04. &#8211; LA 18.04.<\/p>\n<p>Juustoburger (L) 13,7 \u20ac<br>170 g naudan jauhelihapihvi, cheddarjuustoa, BBQ-majoneesia, salaattia, tuoresalsaa, paahdettua sipulia ja tikkuperunoita<\/p>\n<p>Coq au vin (M, G) 13,7 \u20ac<br>Pitk\u00e4\u00e4n punaviiniss\u00e4 haudutettua broilerin fileet\u00e4, pekonia ja herkkusieni\u00e4, riisi\u00e4<\/p>\n<p>Paneroituja muikkuja (L, G) 13,7 \u20ac<br>Tilli-kermaviilikastiketta, kasviksia ja keitinperunoita<\/p>\t\t\t\t\t\t\t\t<\/div>\n\t\t\t\t<\/div>\n\t\t\t\t\t<\/div>\n\t\t<\/div>\n\t\t\t\t\t<\/div>\n\t\t<\/section>\n\t\t\t\t<\/div>\n\t\t","protected":false},"excerpt":{"rendered":"<p>Lounaslista vko 16 Lounas tarjolla ma-la klo 11.00-14.00Lounaan hintaan sis\u00e4ltyy salaattip\u00f6yt\u00e4 sek\u00e4 kahvi\/tee ja pieni makea MA 13.04. &#8211; TI 14.04. Pulled beef burger (L) 13,7 \u20acNyht\u00f6h\u00e4rk\u00e4\u00e4, cheddarjuustokastiketta, paprikamajoneesia, coleslawta, tomaattia, marinoitua punasipulia ja tikkuperunoita Paistettua lohta (L, G) 13,7 \u20acSitruskastiketta, kasviksia ja keitinperunoita Sveitsinleike (L, G) 13,7 \u20acPaneroitu porsaanleike t\u00e4ytettyn\u00e4 kinkulla ja juustolla, punaviinikastiketta, &hellip; <\/p>\n<p class=\"link-more\"><a href=\"https:\/\/gastrobarkrouvi.fi\/index.php\/lounas\/\" class=\"more-link\">Continue reading<span class=\"screen-reader-text\"> &#8220;Lounas&#8221;<\/span><\/a><\/p>\n","protected":false},"author":1,"featured_media":0,"parent":0,"menu_order":0,"comment_status":"closed","ping_status":"closed","template":"","meta":{"ngg_post_thumbnail":0,"footnotes":""},"class_list":["post-386","page","type-page","status-publish","hentry"],"_links":{"self":[{"href":"https:\/\/gastrobarkrouvi.fi\/index.php\/wp-json\/wp\/v2\/pages\/386","targetHints":{"allow":["GET"]}}],"collection":[{"href":"https:\/\/gastrobarkrouvi.fi\/index.php\/wp-json\/wp\/v2\/pages"}],"about":[{"href":"https:\/\/gastrobarkrouvi.fi\/index.php\/wp-json\/wp\/v2\/types\/page"}],"author":[{"embeddable":true,"href":"https:\/\/gastrobarkrouvi.fi\/index.php\/wp-json\/wp\/v2\/users\/1"}],"replies":[{"embeddable":true,"href":"https:\/\/gastrobarkrouvi.fi\/index.php\/wp-json\/wp\/v2\/comments?post=386"}],"version-history":[{"count":906,"href":"https:\/\/gastrobarkrouvi.fi\/index.php\/wp-json\/wp\/v2\/pages\/386\/revisions"}],"predecessor-version":[{"id":2139,"href":"https:\/\/gastrobarkrouvi.fi\/index.php\/wp-json\/wp\/v2\/pages\/386\/revisions\/2139"}],"wp:attachment":[{"href":"https:\/\/gastrobarkrouvi.fi\/index.php\/wp-json\/wp\/v2\/media?parent=386"}],"curies":[{"name":"wp","href":"https:\/\/api.w.org\/{rel}","templated":true}]}}