{"id":10,"date":"2018-10-11T09:43:14","date_gmt":"2018-10-11T09:43:14","guid":{"rendered":"http:\/\/gastrobarkrouvi.fi\/?page_id=10"},"modified":"2025-06-02T08:03:11","modified_gmt":"2025-06-02T08:03:11","slug":"contact","status":"publish","type":"page","link":"https:\/\/gastrobarkrouvi.fi\/index.php\/contact\/","title":{"rendered":"Yhteystiedot"},"content":{"rendered":"\n<p>Tehtaankatu, 26100 Rauma<br>krouvi (at) wcss.fi<br>P\u00f6yt\u00e4varaukset ja -tiedustelut: <a href=\"tel:+358456457370\">+358 45 6457370<\/a><\/p>\n\n\n\n<p>Ma klo 11.00 &#8211; 14.00 (keitti\u00f6 &#8211; 13.45)<br>Ti &#8211; To klo 11.00 &#8211; 21.00 (keitti\u00f6 &#8211; 20.30)<br>Pe &#8211; La klo 11.00 &#8211; 23.00 (keitti\u00f6 &#8211; 22.30)<br>Su suljettu<\/p>\n\n\n\n<figure><iframe src=\"https:\/\/www.google.com\/maps\/embed?pb=!1m14!1m8!1m3!1d7705.49140042882!2d21.5038034!3d61.130113!3m2!1i1024!2i768!4f13.1!3m3!1m2!1s0x0%3A0x75096d67bf71b7cc!2sRauman+Wanha+Krouvi!5e0!3m2!1sen!2sfi!4v1539597813526\" allowfullscreen=\"\" width=\"400\" height=\"300\"><\/iframe><\/figure>\n","protected":false},"excerpt":{"rendered":"<p>Tehtaankatu, 26100 Raumakrouvi (at) wcss.fiP\u00f6yt\u00e4varaukset ja -tiedustelut: +358 45 6457370 Ma klo 11.00 &#8211; 14.00 (keitti\u00f6 &#8211; 13.45)Ti &#8211; To klo 11.00 &#8211; 21.00 (keitti\u00f6 &#8211; 20.30)Pe &#8211; La klo 11.00 &#8211; 23.00 (keitti\u00f6 &#8211; 22.30)Su suljettu<\/p>\n","protected":false},"author":1,"featured_media":37,"parent":0,"menu_order":0,"comment_status":"closed","ping_status":"closed","template":"","meta":{"ngg_post_thumbnail":0,"footnotes":""},"class_list":["post-10","page","type-page","status-publish","has-post-thumbnail","hentry"],"_links":{"self":[{"href":"https:\/\/gastrobarkrouvi.fi\/index.php\/wp-json\/wp\/v2\/pages\/10","targetHints":{"allow":["GET"]}}],"collection":[{"href":"https:\/\/gastrobarkrouvi.fi\/index.php\/wp-json\/wp\/v2\/pages"}],"about":[{"href":"https:\/\/gastrobarkrouvi.fi\/index.php\/wp-json\/wp\/v2\/types\/page"}],"author":[{"embeddable":true,"href":"https:\/\/gastrobarkrouvi.fi\/index.php\/wp-json\/wp\/v2\/users\/1"}],"replies":[{"embeddable":true,"href":"https:\/\/gastrobarkrouvi.fi\/index.php\/wp-json\/wp\/v2\/comments?post=10"}],"version-history":[{"count":52,"href":"https:\/\/gastrobarkrouvi.fi\/index.php\/wp-json\/wp\/v2\/pages\/10\/revisions"}],"predecessor-version":[{"id":1764,"href":"https:\/\/gastrobarkrouvi.fi\/index.php\/wp-json\/wp\/v2\/pages\/10\/revisions\/1764"}],"wp:featuredmedia":[{"embeddable":true,"href":"https:\/\/gastrobarkrouvi.fi\/index.php\/wp-json\/wp\/v2\/media\/37"}],"wp:attachment":[{"href":"https:\/\/gastrobarkrouvi.fi\/index.php\/wp-json\/wp\/v2\/media?parent=10"}],"curies":[{"name":"wp","href":"https:\/\/api.w.org\/{rel}","templated":true}]}}